{"id":19,"date":"2026-04-06T21:32:01","date_gmt":"2026-04-06T20:32:01","guid":{"rendered":"https:\/\/hp.michaelschoenhofen.de\/?page_id=19"},"modified":"2026-04-06T21:33:18","modified_gmt":"2026-04-06T20:33:18","slug":"impressum","status":"publish","type":"page","link":"https:\/\/hp.michaelschoenhofen.de\/index.php\/impressum\/","title":{"rendered":"Impressum &amp; Kontakt"},"content":{"rendered":"\n<h3 class=\"wp-block-heading\">Angaben gem\u00e4\u00df \u00a7 5 TMG<\/h3>\n\n\n\n<p>Michael Sch\u00f6nhofen Abteiberg 4 41061 M\u00f6nchengladbach<\/p>\n\n\n\n<h3 class=\"wp-block-heading\">Kontakt<\/h3>\n\n\n\n<p><strong>Telefon:<\/strong>&nbsp;+49 1520 3707587&nbsp;<strong>E-Mail:<\/strong>&nbsp;post@michaelschoenhofen.de<\/p>\n\n\n\n<h3 class=\"wp-block-heading\">Redaktionell verantwortlich<\/h3>\n\n\n\n<p>Michael Sch\u00f6nhofen Abteiberg 4 41061 M\u00f6nchengladbach<\/p>\n\n\n\n<h3 class=\"wp-block-heading\">EU-Streitschlichtung<\/h3>\n\n\n\n<p>Die Europ\u00e4ische Kommission stellt eine Plattform zur Online-Streitbeilegung (OS) bereit:&nbsp;<a target=\"_blank\" rel=\"noreferrer noopener\" href=\"https:\/\/ec.europa.eu\/consumers\/odr\/\">https:\/\/ec.europa.eu\/consumers\/odr\/<\/a>. Unsere E-Mail-Adresse finden Sie oben im Impressum.<\/p>\n\n\n\n<h3 class=\"wp-block-heading\">Verbraucherstreitbeilegung\/Universalschlichtungsstle<\/h3>\n\n\n\n<p>Wir sind nicht bereit oder verpflichtet, an Streitbeilegungsverfahren vor einer Verbraucherschlichtungsstelle teilzunehmen.<\/p>\n","protected":false},"excerpt":{"rendered":"<p>Angaben gem\u00e4\u00df \u00a7 5 TMG Michael Sch\u00f6nhofen Abteiberg 4 41061 M\u00f6nchengladbach Kontakt Telefon:&nbsp;+49 1520 3707587&nbsp;E-Mail:&nbsp;post@michaelschoenhofen.de Redaktionell verantwortlich Michael Sch\u00f6nhofen Abteiberg 4 41061 M\u00f6nchengladbach EU-Streitschlichtung Die Europ\u00e4ische Kommission stellt eine Plattform zur Online-Streitbeilegung (OS) bereit:&nbsp;https:\/\/ec.europa.eu\/consumers\/odr\/. Unsere E-Mail-Adresse finden Sie oben im Impressum. Verbraucherstreitbeilegung\/Universalschlichtungsstle Wir sind nicht bereit oder verpflichtet, an Streitbeilegungsverfahren vor einer Verbraucherschlichtungsstelle teilzunehmen.<\/p>\n","protected":false},"author":1,"featured_media":0,"parent":0,"menu_order":0,"comment_status":"closed","ping_status":"closed","template":"","meta":{"footnotes":""},"class_list":["post-19","page","type-page","status-publish","hentry"],"_links":{"self":[{"href":"https:\/\/hp.michaelschoenhofen.de\/index.php\/wp-json\/wp\/v2\/pages\/19","targetHints":{"allow":["GET"]}}],"collection":[{"href":"https:\/\/hp.michaelschoenhofen.de\/index.php\/wp-json\/wp\/v2\/pages"}],"about":[{"href":"https:\/\/hp.michaelschoenhofen.de\/index.php\/wp-json\/wp\/v2\/types\/page"}],"author":[{"embeddable":true,"href":"https:\/\/hp.michaelschoenhofen.de\/index.php\/wp-json\/wp\/v2\/users\/1"}],"replies":[{"embeddable":true,"href":"https:\/\/hp.michaelschoenhofen.de\/index.php\/wp-json\/wp\/v2\/comments?post=19"}],"version-history":[{"count":1,"href":"https:\/\/hp.michaelschoenhofen.de\/index.php\/wp-json\/wp\/v2\/pages\/19\/revisions"}],"predecessor-version":[{"id":20,"href":"https:\/\/hp.michaelschoenhofen.de\/index.php\/wp-json\/wp\/v2\/pages\/19\/revisions\/20"}],"wp:attachment":[{"href":"https:\/\/hp.michaelschoenhofen.de\/index.php\/wp-json\/wp\/v2\/media?parent=19"}],"curies":[{"name":"wp","href":"https:\/\/api.w.org\/{rel}","templated":true}]}}